{"id":18243,"date":"2024-03-25T13:41:01","date_gmt":"2024-03-25T12:41:01","guid":{"rendered":"http:\/\/www.doneztebe.eus\/canal-de-denuncias-antifraude\/"},"modified":"2024-03-25T13:42:24","modified_gmt":"2024-03-25T12:42:24","slug":"salaketa-berria","status":"publish","type":"page","link":"http:\/\/www.doneztebe.eus\/eu\/salaketa-berria\/","title":{"rendered":"Salaketa berria"},"content":{"rendered":"<p>Postontzi honen bidez bidalitako salaketak indarrean dagoen legediaren, kodeen, politiken eta erakunde horren barruan egindako edozein jarduera irregular edo desegokiren aurkakoak izan behar dira.<\/p><h3 class='titulo_den'>Salaketa berria<\/h3><form method='POST' enctype='multipart\/form-data' action='\/eu\/wp-json\/wp\/v2\/pages\/18243'><div class='form-group'><label for='asunto'>Gaia<span class='required'>*<\/span><\/label><input id='asunto' class='form-control' type='text' name='asunto' value='' \/><\/div><div class='form-group'><p class='form-text text-muted'>Gertaerak ahalik eta zehatzen deskribatu behar dira, eta egiaztapena errazten duen edozein dokumentazio edo froga-elementu aurkeztu behar da. Informazio sentikorra ematea gomendatzen da, erantsitako fitxategi baten bidez.<\/p><label for='descripcion'>Deskribapena<span class='required'>*<\/span><\/label><textarea id='descripcion' class='form-control' name='descripcion'><\/textarea><\/div><div class='form-group'><label for='adjunto'>Erantsi fitxategia<\/label><input id='adjunto' class='form-control' type='file' name='adjunto' value='' \/><small>Onartutako fitxategi motak: jpeg, gif, png, tiff,webp eta pdf<\/small><\/div><hr><div class='h4'>Harremanetarako datuak<\/div><p>Konfidentzialtasun osoa gordeko da nortasunari dagokionez. Harremanetarako daturik ematen ez baduzu, uko egiten diozu jakinarazpena jasotzeko eskubideari.<\/p><div class='form-group'><label for='nombre'>Izen-abizenak<\/label><input id='nombre' class='form-control' type='text' name='nombre' value='' \/><\/div><div class='form-group'><label for='email'>E-mail<\/label><input id='email' class='form-control' type='text' name='email' value='' \/><\/div><div class='form-group'><input class='btn btn-default btn-denuncias' type='submit' name='enviar' value='Bidali' \/><\/div><table class='denuncias-lopd'><tbody><tr><th scope='row'>Erantzulea<\/th><td>Doneztebeko udala<\/td><\/tr><tr><th scope='row'>Helburua<\/th><td><p>Gesti\u00f3n, tramitaci\u00f3n e investigaci\u00f3n de las comunicaciones que lleguen a trav\u00e9s del canal de denuncias.<\/p><p>Mantenimiento del libro registro con las informaciones recibidas y las investigaciones internas que hayan dado lugar, de conformidad con el art. 26 de la Ley 2\/2023.<\/p><\/td><\/tr><tr><th scope='row'>Legitimazioa<\/th><td><p>Tratamiento necesario para el cumplimiento de una obligaci\u00f3n legal aplicable al responsable de tratamiento (art. 6.1.c RGPD)<\/p><p>Ley 2\/2023, de 20 de febrero, reguladora de la protecci\u00f3n de las personas que informen sobre infracciones normativas y de lucha contra la corrupci\u00f3n.<\/p><\/td><\/tr><tr><th scope='row'>Eskubideak<\/th><td>Acceso, rectificaci\u00f3n, supresi\u00f3n y otros como se indica en la informaci\u00f3n ampliada.<\/td><\/tr><tr><th scope='row'>Informazio gehigarria<\/th><td>La informaci\u00f3n ampliada se puede consultar en el apartado de <a href=\"\/eu17269\">Protecci\u00f3n de datos de la web<\/a> o contactando con el delegado de protecci\u00f3n de datos (<a href=\"mailto:santesteban@doneztebe.es\">santesteban@doneztebe.es<\/a>)<\/td><\/tr><\/tbody><tfoot><tr><td colspan='2'>Datuen babesari buruzko oinarrizko informazioa<\/td><\/tfoot><\/table><input type='hidden' id='g-recaptcha-response' name='g-recaptcha-response'><input type='hidden' name='action' value='validate_captcha'><\/form><script src='https:\/\/www.google.com\/recaptcha\/api.js?render=6LeHAzogAAAAAMWnJ-oukBuJmfox5zla4PuhBkc_'><\/script><script>grecaptcha.ready(function() {\n\t\t \n\t\t grecaptcha.execute('6LeHAzogAAAAAMWnJ-oukBuJmfox5zla4PuhBkc_', {action:'validate_captcha'})\n                .then(function(token) {\n\t\t\t document.getElementById('g-recaptcha-response').value = token;\n\t\t });\n    });\n\t<\/script>\n<h3 id='buscador-denuncias' class='titulo_den'>Kontsultatu salaketa-egoera<\/h3><form method='GET' action='\/eu\/wp-json\/wp\/v2\/pages\/18243#buscador-denuncias'><p>Salaketa egin zenuenean posta elektroniko bat eman bazenuen, sar ezazu. Bestela, sar ezazu eman zitzaizun salaketa-zenbakia<\/p><div class='form-group'><label for='incidencia-email'>Salaketa-kodea \/ Posta elektronikoa:<\/label><input type='text' name='denuncia' id='incidencia-email' class='form-control' value='' \/><\/div><div class='form-group'><input type='submit' class='btn btn-default btn-denuncias' value='Bilatu' \/><\/div><\/form>\n","protected":false},"excerpt":{"rendered":"","protected":false},"author":1,"featured_media":0,"parent":0,"menu_order":0,"comment_status":"closed","ping_status":"closed","template":"","meta":{"_exactmetrics_skip_tracking":false,"_exactmetrics_sitenote_active":false,"_exactmetrics_sitenote_note":"","_exactmetrics_sitenote_category":0,"footnotes":""},"class_list":["post-18243","page","type-page","status-publish","hentry"],"yoast_head":"<!-- This site is optimized with the Yoast SEO plugin v24.1 - https:\/\/yoast.com\/wordpress\/plugins\/seo\/ -->\r\n<title>Salaketa berria - Doneztebeko udala<\/title>\r\n<meta name=\"robots\" content=\"index, follow, max-snippet:-1, max-image-preview:large, max-video-preview:-1\" \/>\r\n<link rel=\"canonical\" href=\"http:\/\/www.doneztebe.eus\/eu\/salaketa-berria\/\" \/>\r\n<meta property=\"og:locale\" content=\"eu_ES\" \/>\r\n<meta property=\"og:type\" content=\"article\" \/>\r\n<meta property=\"og:title\" content=\"Salaketa berria - Doneztebeko udala\" \/>\r\n<meta property=\"og:url\" content=\"http:\/\/www.doneztebe.eus\/eu\/salaketa-berria\/\" \/>\r\n<meta property=\"og:site_name\" content=\"Doneztebeko udala\" \/>\r\n<meta property=\"article:modified_time\" content=\"2024-03-25T12:42:24+00:00\" \/>\r\n<meta name=\"twitter:card\" content=\"summary_large_image\" \/>\r\n<meta name=\"twitter:label1\" content=\"Est. reading time\" \/>\n\t<meta name=\"twitter:data1\" content=\"1 minute\" \/>\r\n<script type=\"application\/ld+json\" class=\"yoast-schema-graph\">{\"@context\":\"https:\/\/schema.org\",\"@graph\":[{\"@type\":\"WebPage\",\"@id\":\"http:\/\/www.doneztebe.eus\/eu\/salaketa-berria\/\",\"url\":\"http:\/\/www.doneztebe.eus\/eu\/salaketa-berria\/\",\"name\":\"Salaketa berria - Doneztebeko udala\",\"isPartOf\":{\"@id\":\"http:\/\/www.doneztebe.eus\/#website\"},\"datePublished\":\"2024-03-25T12:41:01+00:00\",\"dateModified\":\"2024-03-25T12:42:24+00:00\",\"breadcrumb\":{\"@id\":\"http:\/\/www.doneztebe.eus\/eu\/salaketa-berria\/#breadcrumb\"},\"inLanguage\":\"eu-ES\",\"potentialAction\":[{\"@type\":\"ReadAction\",\"target\":[\"http:\/\/www.doneztebe.eus\/eu\/salaketa-berria\/\"]}]},{\"@type\":\"BreadcrumbList\",\"@id\":\"http:\/\/www.doneztebe.eus\/eu\/salaketa-berria\/#breadcrumb\",\"itemListElement\":[{\"@type\":\"ListItem\",\"position\":1,\"name\":\"Portada\",\"item\":\"http:\/\/www.doneztebe.eus\/\"},{\"@type\":\"ListItem\",\"position\":2,\"name\":\"Salaketa berria\"}]},{\"@type\":\"WebSite\",\"@id\":\"http:\/\/www.doneztebe.eus\/#website\",\"url\":\"http:\/\/www.doneztebe.eus\/\",\"name\":\"Doneztebeko udala\",\"description\":\"Web oficial del ayuntamiento de Doneztebe\",\"potentialAction\":[{\"@type\":\"SearchAction\",\"target\":{\"@type\":\"EntryPoint\",\"urlTemplate\":\"http:\/\/www.doneztebe.eus\/?s={search_term_string}\"},\"query-input\":{\"@type\":\"PropertyValueSpecification\",\"valueRequired\":true,\"valueName\":\"search_term_string\"}}],\"inLanguage\":\"eu-ES\"}]}<\/script>\r\n<!-- \/ Yoast SEO plugin. -->","yoast_head_json":{"title":"Salaketa berria - Doneztebeko udala","robots":{"index":"index","follow":"follow","max-snippet":"max-snippet:-1","max-image-preview":"max-image-preview:large","max-video-preview":"max-video-preview:-1"},"canonical":"http:\/\/www.doneztebe.eus\/eu\/salaketa-berria\/","og_locale":"eu_ES","og_type":"article","og_title":"Salaketa berria - Doneztebeko udala","og_url":"http:\/\/www.doneztebe.eus\/eu\/salaketa-berria\/","og_site_name":"Doneztebeko udala","article_modified_time":"2024-03-25T12:42:24+00:00","twitter_card":"summary_large_image","twitter_misc":{"Est. reading time":"1 minute"},"schema":{"@context":"https:\/\/schema.org","@graph":[{"@type":"WebPage","@id":"http:\/\/www.doneztebe.eus\/eu\/salaketa-berria\/","url":"http:\/\/www.doneztebe.eus\/eu\/salaketa-berria\/","name":"Salaketa berria - Doneztebeko udala","isPartOf":{"@id":"http:\/\/www.doneztebe.eus\/#website"},"datePublished":"2024-03-25T12:41:01+00:00","dateModified":"2024-03-25T12:42:24+00:00","breadcrumb":{"@id":"http:\/\/www.doneztebe.eus\/eu\/salaketa-berria\/#breadcrumb"},"inLanguage":"eu-ES","potentialAction":[{"@type":"ReadAction","target":["http:\/\/www.doneztebe.eus\/eu\/salaketa-berria\/"]}]},{"@type":"BreadcrumbList","@id":"http:\/\/www.doneztebe.eus\/eu\/salaketa-berria\/#breadcrumb","itemListElement":[{"@type":"ListItem","position":1,"name":"Portada","item":"http:\/\/www.doneztebe.eus\/"},{"@type":"ListItem","position":2,"name":"Salaketa berria"}]},{"@type":"WebSite","@id":"http:\/\/www.doneztebe.eus\/#website","url":"http:\/\/www.doneztebe.eus\/","name":"Doneztebeko udala","description":"Web oficial del ayuntamiento de Doneztebe","potentialAction":[{"@type":"SearchAction","target":{"@type":"EntryPoint","urlTemplate":"http:\/\/www.doneztebe.eus\/?s={search_term_string}"},"query-input":{"@type":"PropertyValueSpecification","valueRequired":true,"valueName":"search_term_string"}}],"inLanguage":"eu-ES"}]}},"_links":{"self":[{"href":"http:\/\/www.doneztebe.eus\/eu\/wp-json\/wp\/v2\/pages\/18243","targetHints":{"allow":["GET"]}}],"collection":[{"href":"http:\/\/www.doneztebe.eus\/eu\/wp-json\/wp\/v2\/pages"}],"about":[{"href":"http:\/\/www.doneztebe.eus\/eu\/wp-json\/wp\/v2\/types\/page"}],"author":[{"embeddable":true,"href":"http:\/\/www.doneztebe.eus\/eu\/wp-json\/wp\/v2\/users\/1"}],"replies":[{"embeddable":true,"href":"http:\/\/www.doneztebe.eus\/eu\/wp-json\/wp\/v2\/comments?post=18243"}],"version-history":[{"count":1,"href":"http:\/\/www.doneztebe.eus\/eu\/wp-json\/wp\/v2\/pages\/18243\/revisions"}],"predecessor-version":[{"id":18245,"href":"http:\/\/www.doneztebe.eus\/eu\/wp-json\/wp\/v2\/pages\/18243\/revisions\/18245"}],"wp:attachment":[{"href":"http:\/\/www.doneztebe.eus\/eu\/wp-json\/wp\/v2\/media?parent=18243"}],"curies":[{"name":"wp","href":"https:\/\/api.w.org\/{rel}","templated":true}]}}